{"id":1128,"date":"2021-12-08T21:25:47","date_gmt":"2021-12-08T21:25:47","guid":{"rendered":"https:\/\/realtorbyretainer.com\/?page_id=1128"},"modified":"2023-12-06T10:19:00","modified_gmt":"2023-12-06T10:19:00","slug":"home-3","status":"publish","type":"page","link":"https:\/\/tanya-moon.com\/fr\/","title":{"rendered":"Accueil"},"content":{"rendered":"<div data-elementor-type=\"wp-page\" data-elementor-id=\"1128\" class=\"elementor elementor-1128\">\n\t\t\t\t\t\t\t\t\t<section class=\"elementor-section elementor-top-section elementor-element elementor-element-57359e7 elementor-section-boxed elementor-section-height-default elementor-section-height-default\" data-id=\"57359e7\" data-element_type=\"section\" data-settings=\"{&quot;background_background&quot;:&quot;classic&quot;}\">\n\t\t\t\t\t\t<div class=\"elementor-container elementor-column-gap-default\">\n\t\t\t\t\t<div class=\"elementor-column elementor-col-50 elementor-top-column elementor-element elementor-element-056661e\" data-id=\"056661e\" data-element_type=\"column\">\n\t\t\t<div class=\"elementor-widget-wrap elementor-element-populated\">\n\t\t\t\t\t\t\t\t<div class=\"elementor-element elementor-element-2f88261 elementor-widget elementor-widget-image\" data-id=\"2f88261\" data-element_type=\"widget\" data-widget_type=\"image.default\">\n\t\t\t\t<div class=\"elementor-widget-container\">\n\t\t\t<style>\/*! elementor - v3.7.7 - 20-09-2022 *\/\n.elementor-widget-image{text-align:center}.elementor-widget-image a{display:inline-block}.elementor-widget-image a img[src$=\".svg\"]{width:48px}.elementor-widget-image img{vertical-align:middle;display:inline-block}<\/style>\t\t\t\t\t\t\t\t\t\t\t\t<img decoding=\"async\" width=\"576\" height=\"1024\" src=\"https:\/\/tanya-moon.com\/wp-content\/uploads\/2023\/09\/WhatsApp-Image-2023-09-27-at-17.31.20.jpeg\" class=\"attachment-large size-large\" alt=\"\" loading=\"lazy\" srcset=\"https:\/\/tanya-moon.com\/wp-content\/uploads\/2023\/09\/WhatsApp-Image-2023-09-27-at-17.31.20.jpeg 576w, https:\/\/tanya-moon.com\/wp-content\/uploads\/2023\/09\/WhatsApp-Image-2023-09-27-at-17.31.20-169x300.jpeg 169w, https:\/\/tanya-moon.com\/wp-content\/uploads\/2023\/09\/WhatsApp-Image-2023-09-27-at-17.31.20-7x12.jpeg 7w\" sizes=\"(max-width: 576px) 100vw, 576px\" \/>\t\t\t\t\t\t\t\t\t\t\t\t\t\t\t<\/div>\n\t\t\t\t<\/div>\n\t\t\t\t\t<\/div>\n\t\t<\/div>\n\t\t\t\t<div class=\"elementor-column elementor-col-50 elementor-top-column elementor-element elementor-element-9fca0eb\" data-id=\"9fca0eb\" data-element_type=\"column\">\n\t\t\t<div class=\"elementor-widget-wrap elementor-element-populated\">\n\t\t\t\t\t\t\t\t<div class=\"elementor-element elementor-element-f2c3506 elementor-widget elementor-widget-heading\" data-id=\"f2c3506\" data-element_type=\"widget\" data-widget_type=\"heading.default\">\n\t\t\t\t<div class=\"elementor-widget-container\">\n\t\t\t<style>\/*! elementor - v3.7.7 - 20-09-2022 *\/\n.elementor-heading-title{padding:0;margin:0;line-height:1}.elementor-widget-heading .elementor-heading-title[class*=elementor-size-]>a{color:inherit;font-size:inherit;line-height:inherit}.elementor-widget-heading .elementor-heading-title.elementor-size-small{font-size:15px}.elementor-widget-heading .elementor-heading-title.elementor-size-medium{font-size:19px}.elementor-widget-heading .elementor-heading-title.elementor-size-large{font-size:29px}.elementor-widget-heading .elementor-heading-title.elementor-size-xl{font-size:39px}.elementor-widget-heading .elementor-heading-title.elementor-size-xxl{font-size:59px}<\/style><h2 class=\"elementor-heading-title elementor-size-default\"><font style=\"vertical-align: inherit;\"><\/font><font style=\"vertical-align: inherit;\"><font style=\"vertical-align: inherit;\"><font style=\"vertical-align: inherit;\"><font style=\"vertical-align: inherit;\" class=\"goog-text-highlight\"><font style=\"vertical-align: inherit;\"><font style=\"vertical-align: inherit;\"><font style=\"vertical-align: inherit;\"><font style=\"vertical-align: inherit;\" class=\"goog-text-highlight\">Bonjour et Bienvenue sur mon site ! <\/font><\/font><\/font><\/font><\/font><\/font><\/font><\/font><font style=\"vertical-align: inherit;\"><font style=\"vertical-align: inherit;\"><\/font><\/font><\/h2>\t\t<\/div>\n\t\t\t\t<\/div>\n\t\t\t\t<section class=\"elementor-section elementor-inner-section elementor-element elementor-element-6b90122 elementor-section-boxed elementor-section-height-default elementor-section-height-default\" data-id=\"6b90122\" data-element_type=\"section\">\n\t\t\t\t\t\t\t<div class=\"elementor-background-overlay\"><\/div>\n\t\t\t\t\t\t\t<div class=\"elementor-container elementor-column-gap-default\">\n\t\t\t\t\t<div class=\"elementor-column elementor-col-100 elementor-inner-column elementor-element elementor-element-126fa6e elementor-invisible\" data-id=\"126fa6e\" data-element_type=\"column\" data-settings=\"{&quot;background_background&quot;:&quot;classic&quot;,&quot;animation&quot;:&quot;fadeInRight&quot;}\">\n\t\t\t<div class=\"elementor-widget-wrap elementor-element-populated\">\n\t\t\t\t\t\t\t\t<div class=\"elementor-element elementor-element-4459b65 elementor-widget elementor-widget-text-editor\" data-id=\"4459b65\" data-element_type=\"widget\" data-widget_type=\"text-editor.default\">\n\t\t\t\t<div class=\"elementor-widget-container\">\n\t\t\t<style>\/*! elementor - v3.7.7 - 20-09-2022 *\/\n.elementor-widget-text-editor.elementor-drop-cap-view-stacked .elementor-drop-cap{background-color:#818a91;color:#fff}.elementor-widget-text-editor.elementor-drop-cap-view-framed .elementor-drop-cap{color:#818a91;border:3px solid;background-color:transparent}.elementor-widget-text-editor:not(.elementor-drop-cap-view-default) .elementor-drop-cap{margin-top:8px}.elementor-widget-text-editor:not(.elementor-drop-cap-view-default) .elementor-drop-cap-letter{width:1em;height:1em}.elementor-widget-text-editor .elementor-drop-cap{float:left;text-align:center;line-height:1;font-size:50px}.elementor-widget-text-editor .elementor-drop-cap-letter{display:inline-block}<\/style>\t\t\t\t<p><span style=\"font-weight: 400;\"><span style=\"vertical-align: inherit;\"><span style=\"vertical-align: inherit;\">\u00a0 \u00a0<\/span><\/span><\/span><\/p><p>Je suis Tanya, Th\u00e9rapeute holistique, experte en hypnose, m\u00e9ditation et lib\u00e9ration transg\u00e9n\u00e9rationnelle. J\u2019ai d\u00e9di\u00e9 plusieurs ann\u00e9es de ma vie \u00e0 l'exploration du bien \u00eatre mental, physique, \u00e9nerg\u00e9tique et au d\u00e9blocage des sch\u00e9mas et habitudes toxiques chez les individus. Ayant grandi dans une culture indo-mauricienne, une approche holistique du bien-\u00eatre mental et physique fait partie int\u00e9grante de mon mode de vie depuis mon plus jeune \u00e2ge.<\/p><p>Form\u00e9e \u00e0 diff\u00e9rentes m\u00e9thodes allant des pratiques indiennes ancestrales de m\u00e9ditation \u00e0 l'hypnose, en passant par l'utilisation des rayons et les m\u00e9thodes de soin quantique. Dans le cadre de ma pratique et de ma philosophie, je cherche autant \u00e0 accompagner qu'\u00e0 procurer \u00e0 mes clients les outils qui leur permettront de vivre mieux, lib\u00e9rer de leurs blocages et en meilleure sant\u00e9.<\/p><div><span style=\"font-size: 10pt; font-family: 'Trebuchet MS'; color: #202124; background-color: transparent; font-variant-numeric: normal; font-variant-east-asian: normal; vertical-align: baseline; white-space: pre-wrap;\">\u00a0<\/span><\/div>\t\t\t\t\t\t<\/div>\n\t\t\t\t<\/div>\n\t\t\t\t\t<\/div>\n\t\t<\/div>\n\t\t\t\t\t\t\t<\/div>\n\t\t<\/section>\n\t\t\t\t\t<\/div>\n\t\t<\/div>\n\t\t\t\t\t\t\t<\/div>\n\t\t<\/section>\n\t\t\t\t<section class=\"elementor-section elementor-top-section elementor-element elementor-element-91e960e elementor-section-boxed elementor-section-height-default elementor-section-height-default elementor-invisible\" data-id=\"91e960e\" data-element_type=\"section\" data-settings=\"{&quot;background_background&quot;:&quot;classic&quot;,&quot;animation&quot;:&quot;fadeIn&quot;}\">\n\t\t\t\t\t\t<div class=\"elementor-container elementor-column-gap-default\">\n\t\t\t\t\t<div class=\"elementor-column elementor-col-50 elementor-top-column elementor-element elementor-element-45faa9e\" data-id=\"45faa9e\" data-element_type=\"column\">\n\t\t\t<div class=\"elementor-widget-wrap elementor-element-populated\">\n\t\t\t\t\t\t\t\t<section class=\"elementor-section elementor-inner-section elementor-element elementor-element-a1dc635 elementor-section-boxed elementor-section-height-default elementor-section-height-default\" data-id=\"a1dc635\" data-element_type=\"section\">\n\t\t\t\t\t\t\t<div class=\"elementor-background-overlay\"><\/div>\n\t\t\t\t\t\t\t<div class=\"elementor-container elementor-column-gap-default\">\n\t\t\t\t\t<div class=\"elementor-column elementor-col-100 elementor-inner-column elementor-element elementor-element-a206e68 elementor-invisible\" data-id=\"a206e68\" data-element_type=\"column\" data-settings=\"{&quot;background_background&quot;:&quot;classic&quot;,&quot;animation&quot;:&quot;fadeInRight&quot;}\">\n\t\t\t<div class=\"elementor-widget-wrap elementor-element-populated\">\n\t\t\t\t\t\t\t\t<div class=\"elementor-element elementor-element-fb37988 elementor-widget elementor-widget-text-editor\" data-id=\"fb37988\" data-element_type=\"widget\" data-widget_type=\"text-editor.default\">\n\t\t\t\t<div class=\"elementor-widget-container\">\n\t\t\t\t\t\t\t<p><span style=\"font-weight: 400;\">\u00a0<\/span>Je suis \u00e9galement au service des Entreprises et de leurs salari\u00e9s, mon parcours m\u2019a conduite \u00e0 comprendre que l'\u00e9panouissement et la performance en entreprise sont intrins\u00e8quement li\u00e9s \u00e0 la sant\u00e9 mentale et au bien-\u00eatre des salari\u00e9s. \nAyant \u00e9volu\u00e9 dans des milieux professionnels exigeants en tant que Directrice du talent acquisition et Chef de projet au sein de diff\u00e9rentes structures parmi lesquelles Publicis Media, Accor et HAYS. J\u2019ai rapidement identifi\u00e9 les d\u00e9fis auxquels sont confront\u00e9s les salari\u00e9s : stress, surcharge de travail, conflits, et bien d'autres. Mon parcours de manager d\u2019\u00e9quipes de diff\u00e9rentes tailles dans des environnements internationaux m'a permis d\u2019exp\u00e9rimenter les diff\u00e9rents challenges auxquels font face les leaders d\u2019aujourd\u2019hui.<\/p><p>Mon expertise repose sur la conviction que la puissance du subconscient peut \u00eatre canalis\u00e9e pour surmonter ces obstacles et lib\u00e9rer le potentiel de chaque individu.<\/p>\t\t\t\t\t\t<\/div>\n\t\t\t\t<\/div>\n\t\t\t\t\t<\/div>\n\t\t<\/div>\n\t\t\t\t\t\t\t<\/div>\n\t\t<\/section>\n\t\t\t\t\t<\/div>\n\t\t<\/div>\n\t\t\t\t<div class=\"elementor-column elementor-col-50 elementor-top-column elementor-element elementor-element-03b55a9\" data-id=\"03b55a9\" data-element_type=\"column\">\n\t\t\t<div class=\"elementor-widget-wrap elementor-element-populated\">\n\t\t\t\t\t\t\t\t<div class=\"elementor-element elementor-element-f5dea00 elementor-widget elementor-widget-image\" data-id=\"f5dea00\" data-element_type=\"widget\" data-widget_type=\"image.default\">\n\t\t\t\t<div class=\"elementor-widget-container\">\n\t\t\t\t\t\t\t\t\t\t\t\t\t\t\t<img decoding=\"async\" width=\"768\" height=\"1024\" src=\"https:\/\/tanya-moon.com\/wp-content\/uploads\/2023\/08\/photo-site-1.jpeg\" class=\"attachment-large size-large\" alt=\"\" loading=\"lazy\" srcset=\"https:\/\/tanya-moon.com\/wp-content\/uploads\/2023\/08\/photo-site-1.jpeg 768w, https:\/\/tanya-moon.com\/wp-content\/uploads\/2023\/08\/photo-site-1-225x300.jpeg 225w, https:\/\/tanya-moon.com\/wp-content\/uploads\/2023\/08\/photo-site-1-9x12.jpeg 9w\" sizes=\"(max-width: 768px) 100vw, 768px\" \/>\t\t\t\t\t\t\t\t\t\t\t\t\t\t\t<\/div>\n\t\t\t\t<\/div>\n\t\t\t\t\t<\/div>\n\t\t<\/div>\n\t\t\t\t\t\t\t<\/div>\n\t\t<\/section>\n\t\t\t\t<section class=\"elementor-section elementor-top-section elementor-element elementor-element-5347e80 elementor-section-boxed elementor-section-height-default elementor-section-height-default\" data-id=\"5347e80\" data-element_type=\"section\" data-settings=\"{&quot;background_background&quot;:&quot;classic&quot;}\">\n\t\t\t\t\t\t<div class=\"elementor-container elementor-column-gap-default\">\n\t\t\t\t\t<div class=\"elementor-column elementor-col-100 elementor-top-column elementor-element elementor-element-27d82d4\" data-id=\"27d82d4\" data-element_type=\"column\">\n\t\t\t<div class=\"elementor-widget-wrap elementor-element-populated\">\n\t\t\t\t\t\t\t\t<div class=\"elementor-element elementor-element-94d895c elementor-widget elementor-widget-heading\" data-id=\"94d895c\" data-element_type=\"widget\" data-widget_type=\"heading.default\">\n\t\t\t\t<div class=\"elementor-widget-container\">\n\t\t\t<h2 class=\"elementor-heading-title elementor-size-default\"><font style=\"vertical-align: inherit;\"><\/font><font style=\"vertical-align: inherit;\"><font style=\"vertical-align: inherit;\">Services<\/font><\/font><\/h2>\t\t<\/div>\n\t\t\t\t<\/div>\n\t\t\t\t\t<\/div>\n\t\t<\/div>\n\t\t\t\t\t\t\t<\/div>\n\t\t<\/section>\n\t\t\t\t<section class=\"elementor-section elementor-top-section elementor-element elementor-element-d832b5e elementor-section-boxed elementor-section-height-default elementor-section-height-default\" data-id=\"d832b5e\" data-element_type=\"section\" data-settings=\"{&quot;background_background&quot;:&quot;classic&quot;}\">\n\t\t\t\t\t\t<div class=\"elementor-container elementor-column-gap-default\">\n\t\t\t\t\t<div class=\"elementor-column elementor-col-100 elementor-top-column elementor-element elementor-element-607e809\" data-id=\"607e809\" data-element_type=\"column\">\n\t\t\t<div class=\"elementor-widget-wrap elementor-element-populated\">\n\t\t\t\t\t\t\t\t<section class=\"elementor-section elementor-inner-section elementor-element elementor-element-0a9dc83 elementor-section-boxed elementor-section-height-default elementor-section-height-default\" data-id=\"0a9dc83\" data-element_type=\"section\">\n\t\t\t\t\t\t\t<div class=\"elementor-background-overlay\"><\/div>\n\t\t\t\t\t\t\t<div class=\"elementor-container elementor-column-gap-default\">\n\t\t\t\t\t<div class=\"elementor-column elementor-col-50 elementor-inner-column elementor-element elementor-element-82324bb elementor-invisible\" data-id=\"82324bb\" data-element_type=\"column\" data-settings=\"{&quot;background_background&quot;:&quot;classic&quot;,&quot;animation&quot;:&quot;fadeInLeft&quot;}\">\n\t\t\t<div class=\"elementor-widget-wrap elementor-element-populated\">\n\t\t\t\t\t\t\t\t<div class=\"elementor-element elementor-element-4534cdc elementor-widget elementor-widget-heading\" data-id=\"4534cdc\" data-element_type=\"widget\" data-widget_type=\"heading.default\">\n\t\t\t\t<div class=\"elementor-widget-container\">\n\t\t\t<h2 class=\"elementor-heading-title elementor-size-default\"><font style=\"vertical-align: inherit;\"><\/font><font style=\"vertical-align: inherit;\"><font style=\"vertical-align: inherit;\">Particuliers<\/font><\/font><\/h2>\t\t<\/div>\n\t\t\t\t<\/div>\n\t\t\t\t<div class=\"elementor-element elementor-element-06d2345 elementor-widget elementor-widget-image\" data-id=\"06d2345\" data-element_type=\"widget\" data-widget_type=\"image.default\">\n\t\t\t\t<div class=\"elementor-widget-container\">\n\t\t\t\t\t\t\t\t\t\t\t\t\t\t\t<img decoding=\"async\" width=\"800\" height=\"800\" src=\"https:\/\/tanya-moon.com\/wp-content\/uploads\/2023\/12\/xddd-1024x1024.jpg\" class=\"attachment-large size-large\" alt=\"\" loading=\"lazy\" srcset=\"https:\/\/tanya-moon.com\/wp-content\/uploads\/2023\/12\/xddd-1024x1024.jpg 1024w, https:\/\/tanya-moon.com\/wp-content\/uploads\/2023\/12\/xddd-300x300.jpg 300w, https:\/\/tanya-moon.com\/wp-content\/uploads\/2023\/12\/xddd-150x150.jpg 150w, https:\/\/tanya-moon.com\/wp-content\/uploads\/2023\/12\/xddd-768x767.jpg 768w, https:\/\/tanya-moon.com\/wp-content\/uploads\/2023\/12\/xddd-1536x1534.jpg 1536w, https:\/\/tanya-moon.com\/wp-content\/uploads\/2023\/12\/xddd-2048x2046.jpg 2048w, https:\/\/tanya-moon.com\/wp-content\/uploads\/2023\/12\/xddd-12x12.jpg 12w\" sizes=\"(max-width: 800px) 100vw, 800px\" \/>\t\t\t\t\t\t\t\t\t\t\t\t\t\t\t<\/div>\n\t\t\t\t<\/div>\n\t\t\t\t<div class=\"elementor-element elementor-element-15c6e91 elementor-widget elementor-widget-heading\" data-id=\"15c6e91\" data-element_type=\"widget\" data-widget_type=\"heading.default\">\n\t\t\t\t<div class=\"elementor-widget-container\">\n\t\t\t<h2 class=\"elementor-heading-title elementor-size-default\"><font style=\"vertical-align: inherit;\"><\/font>Soin \u00e9nergetique<\/h2>\t\t<\/div>\n\t\t\t\t<\/div>\n\t\t\t\t<div class=\"elementor-element elementor-element-dad7cf4 elementor-widget elementor-widget-heading\" data-id=\"dad7cf4\" data-element_type=\"widget\" data-widget_type=\"heading.default\">\n\t\t\t\t<div class=\"elementor-widget-container\">\n\t\t\t<h2 class=\"elementor-heading-title elementor-size-default\"><font style=\"vertical-align: inherit;\"><\/font>Session IERT<\/h2>\t\t<\/div>\n\t\t\t\t<\/div>\n\t\t\t\t<div class=\"elementor-element elementor-element-a22dec5 elementor-widget elementor-widget-heading\" data-id=\"a22dec5\" data-element_type=\"widget\" data-widget_type=\"heading.default\">\n\t\t\t\t<div class=\"elementor-widget-container\">\n\t\t\t<h2 class=\"elementor-heading-title elementor-size-default\"><font style=\"vertical-align: inherit;\"><\/font>1:1 Coaching 5 pilLars<\/h2>\t\t<\/div>\n\t\t\t\t<\/div>\n\t\t\t\t<div class=\"elementor-element elementor-element-103b0fc elementor-widget elementor-widget-heading\" data-id=\"103b0fc\" data-element_type=\"widget\" data-widget_type=\"heading.default\">\n\t\t\t\t<div class=\"elementor-widget-container\">\n\t\t\t<h2 class=\"elementor-heading-title elementor-size-default\"><font style=\"vertical-align: inherit;\"><\/font>S\u00c9ANCE D'HYPNOSE<\/h2>\t\t<\/div>\n\t\t\t\t<\/div>\n\t\t\t\t<div class=\"elementor-element elementor-element-7a934cb elementor-align-center elementor-widget elementor-widget-button\" data-id=\"7a934cb\" data-element_type=\"widget\" data-widget_type=\"button.default\">\n\t\t\t\t<div class=\"elementor-widget-container\">\n\t\t\t\t\t<div class=\"elementor-button-wrapper\">\n\t\t\t<a href=\"https:\/\/tanya-moon.com\/fr\/individuals\/\" class=\"elementor-button-link elementor-button elementor-size-sm\" role=\"button\">\n\t\t\t\t\t\t<span class=\"elementor-button-content-wrapper\">\n\t\t\t\t\t\t<span class=\"elementor-button-text\">Plus d'infos<\/span>\n\t\t<\/span>\n\t\t\t\t\t<\/a>\n\t\t<\/div>\n\t\t\t\t<\/div>\n\t\t\t\t<\/div>\n\t\t\t\t\t<\/div>\n\t\t<\/div>\n\t\t\t\t<div class=\"elementor-column elementor-col-50 elementor-inner-column elementor-element elementor-element-4f99c1e elementor-invisible\" data-id=\"4f99c1e\" data-element_type=\"column\" data-settings=\"{&quot;background_background&quot;:&quot;classic&quot;,&quot;animation&quot;:&quot;fadeInRight&quot;}\">\n\t\t\t<div class=\"elementor-widget-wrap elementor-element-populated\">\n\t\t\t\t\t\t\t\t<div class=\"elementor-element elementor-element-74d655e elementor-widget elementor-widget-heading\" data-id=\"74d655e\" data-element_type=\"widget\" data-widget_type=\"heading.default\">\n\t\t\t\t<div class=\"elementor-widget-container\">\n\t\t\t<h2 class=\"elementor-heading-title elementor-size-default\"><font style=\"vertical-align: inherit;\"><\/font><font style=\"vertical-align: inherit;\"><font style=\"vertical-align: inherit;\">Entreprises<\/font><\/font><\/h2>\t\t<\/div>\n\t\t\t\t<\/div>\n\t\t\t\t<div class=\"elementor-element elementor-element-681a4a8 elementor-widget elementor-widget-image\" data-id=\"681a4a8\" data-element_type=\"widget\" data-widget_type=\"image.default\">\n\t\t\t\t<div class=\"elementor-widget-container\">\n\t\t\t\t\t\t\t\t\t\t\t\t\t\t\t<img decoding=\"async\" width=\"800\" height=\"800\" src=\"https:\/\/tanya-moon.com\/wp-content\/uploads\/2023\/12\/GoDaddyStudioPage-0-162-1024x1024.jpeg\" class=\"attachment-large size-large\" alt=\"\" loading=\"lazy\" srcset=\"https:\/\/tanya-moon.com\/wp-content\/uploads\/2023\/12\/GoDaddyStudioPage-0-162-1024x1024.jpeg 1024w, https:\/\/tanya-moon.com\/wp-content\/uploads\/2023\/12\/GoDaddyStudioPage-0-162-300x300.jpeg 300w, https:\/\/tanya-moon.com\/wp-content\/uploads\/2023\/12\/GoDaddyStudioPage-0-162-150x150.jpeg 150w, https:\/\/tanya-moon.com\/wp-content\/uploads\/2023\/12\/GoDaddyStudioPage-0-162-768x768.jpeg 768w, https:\/\/tanya-moon.com\/wp-content\/uploads\/2023\/12\/GoDaddyStudioPage-0-162-1536x1536.jpeg 1536w, https:\/\/tanya-moon.com\/wp-content\/uploads\/2023\/12\/GoDaddyStudioPage-0-162.jpeg 2048w, https:\/\/tanya-moon.com\/wp-content\/uploads\/2023\/12\/GoDaddyStudioPage-0-162-12x12.jpeg 12w\" sizes=\"(max-width: 800px) 100vw, 800px\" \/>\t\t\t\t\t\t\t\t\t\t\t\t\t\t\t<\/div>\n\t\t\t\t<\/div>\n\t\t\t\t<div class=\"elementor-element elementor-element-f73aa29 elementor-widget elementor-widget-heading\" data-id=\"f73aa29\" data-element_type=\"widget\" data-widget_type=\"heading.default\">\n\t\t\t\t<div class=\"elementor-widget-container\">\n\t\t\t<h2 class=\"elementor-heading-title elementor-size-default\"><font style=\"vertical-align: inherit;\"><font style=\"vertical-align: inherit;\" class=\"goog-text-highlight\"><font style=\"vertical-align: inherit;\"><font style=\"vertical-align: inherit;\" class=\"\"><font style=\"vertical-align: inherit;\"><font style=\"vertical-align: inherit;\">Ateliers d'Hypnose de groupe con\u00e7us pour les entreprises : L'Art de la Performance<\/font><\/font><\/font><\/font><\/font><\/font><font style=\"vertical-align: inherit;\"><font style=\"vertical-align: inherit;\"><\/font><\/font><\/h2>\t\t<\/div>\n\t\t\t\t<\/div>\n\t\t\t\t<div class=\"elementor-element elementor-element-e4794a3 elementor-widget elementor-widget-heading\" data-id=\"e4794a3\" data-element_type=\"widget\" data-widget_type=\"heading.default\">\n\t\t\t\t<div class=\"elementor-widget-container\">\n\t\t\t<h2 class=\"elementor-heading-title elementor-size-default\"><font style=\"vertical-align: inherit;\"><font style=\"vertical-align: inherit;\" class=\"goog-text-highlight\"><font style=\"vertical-align: inherit;\"><font style=\"vertical-align: inherit;\" class=\"\"><font style=\"vertical-align: inherit;\"><font style=\"vertical-align: inherit;\">Ateliers d'Hypnose con\u00e7us pour le Management : Les D\u00e9fis de l'Excellence en Leadership<\/font><\/font><\/font><\/font><\/font><\/font><font style=\"vertical-align: inherit;\"><font style=\"vertical-align: inherit;\"><\/font><\/font><\/h2>\t\t<\/div>\n\t\t\t\t<\/div>\n\t\t\t\t<div class=\"elementor-element elementor-element-c9c7067 elementor-align-center elementor-widget elementor-widget-button\" data-id=\"c9c7067\" data-element_type=\"widget\" data-widget_type=\"button.default\">\n\t\t\t\t<div class=\"elementor-widget-container\">\n\t\t\t\t\t<div class=\"elementor-button-wrapper\">\n\t\t\t<a href=\"https:\/\/tanya-moon.com\/fr\/business\/\" class=\"elementor-button-link elementor-button elementor-size-sm\" role=\"button\">\n\t\t\t\t\t\t<span class=\"elementor-button-content-wrapper\">\n\t\t\t\t\t\t<span class=\"elementor-button-text\">Plus d'infos<\/span>\n\t\t<\/span>\n\t\t\t\t\t<\/a>\n\t\t<\/div>\n\t\t\t\t<\/div>\n\t\t\t\t<\/div>\n\t\t\t\t\t<\/div>\n\t\t<\/div>\n\t\t\t\t\t\t\t<\/div>\n\t\t<\/section>\n\t\t\t\t\t<\/div>\n\t\t<\/div>\n\t\t\t\t\t\t\t<\/div>\n\t\t<\/section>\n\t\t\t\t\t\t\t<\/div>","protected":false},"excerpt":{"rendered":"<p>Hello and Welcome to my website ! \u00a0 \u00a0 I am Tanya, a holistic therapist and expert in hypnosis, meditation, and transgenerational liberation. I have dedicated several years of my life to exploring mental, physical, and energetic well-being, as well as unlocking toxic patterns and habits in individuals. Growing up in an Indo-Mauritian culture, a [&hellip;]<\/p>","protected":false},"author":1,"featured_media":0,"parent":0,"menu_order":0,"comment_status":"closed","ping_status":"closed","template":"elementor_header_footer","meta":{"om_disable_all_campaigns":false,"_mi_skip_tracking":false},"aioseo_notices":[],"_links":{"self":[{"href":"https:\/\/tanya-moon.com\/fr\/wp-json\/wp\/v2\/pages\/1128"}],"collection":[{"href":"https:\/\/tanya-moon.com\/fr\/wp-json\/wp\/v2\/pages"}],"about":[{"href":"https:\/\/tanya-moon.com\/fr\/wp-json\/wp\/v2\/types\/page"}],"author":[{"embeddable":true,"href":"https:\/\/tanya-moon.com\/fr\/wp-json\/wp\/v2\/users\/1"}],"replies":[{"embeddable":true,"href":"https:\/\/tanya-moon.com\/fr\/wp-json\/wp\/v2\/comments?post=1128"}],"version-history":[{"count":193,"href":"https:\/\/tanya-moon.com\/fr\/wp-json\/wp\/v2\/pages\/1128\/revisions"}],"predecessor-version":[{"id":2325,"href":"https:\/\/tanya-moon.com\/fr\/wp-json\/wp\/v2\/pages\/1128\/revisions\/2325"}],"wp:attachment":[{"href":"https:\/\/tanya-moon.com\/fr\/wp-json\/wp\/v2\/media?parent=1128"}],"curies":[{"name":"wp","href":"https:\/\/api.w.org\/{rel}","templated":true}]}}